{"id":57,"date":"2022-11-22T11:14:04","date_gmt":"2022-11-22T10:14:04","guid":{"rendered":"http:\/\/www.ves.pw.edu.pl\/?page_id=57"},"modified":"2022-11-22T11:14:04","modified_gmt":"2022-11-22T10:14:04","slug":"kontakt","status":"publish","type":"page","link":"http:\/\/www.ves.pw.edu.pl\/?page_id=57","title":{"rendered":"Kontakt"},"content":{"rendered":"\n<p>dr in\u017c. Tadeusz Daszczy\u0144ski<\/p>\n\n\n\n<p>Politechnika Warszawska Wydzia\u0142 Elektryczny<br>Instytut Elektroenergetyki<br>Zak\u0142ad Aparat\u00f3w i Automatyki Elektroenergetycznej<\/p>\n\n\n\n<p>Gmach Mechaniki<br>ul. Koszykowa 75<br>00-662 Warszawa<\/p>\n\n\n\n<p>E-mail: tadeusz.daszczynski@pw.edu.pl<\/p>\n\n\n\n<p>Tel. kom.: 794-363-978<\/p>\n","protected":false},"excerpt":{"rendered":"<p>dr in\u017c. Tadeusz Daszczy\u0144ski Politechnika Warszawska Wydzia\u0142 ElektrycznyInstytut ElektroenergetykiZak\u0142ad Aparat\u00f3w i Automatyki Elektroenergetycznej Gmach Mechanikiul. Koszykowa 7500-662 Warszawa E-mail: tadeusz.daszczynski@pw.edu.pl Tel. kom.: 794-363-978<\/p>\n","protected":false},"author":1,"featured_media":0,"parent":0,"menu_order":0,"comment_status":"closed","ping_status":"closed","template":"","meta":{"_monsterinsights_skip_tracking":false,"_monsterinsights_sitenote_active":false,"_monsterinsights_sitenote_note":"","_monsterinsights_sitenote_category":0,"footnotes":""},"class_list":["post-57","page","type-page","status-publish","hentry"],"_links":{"self":[{"href":"http:\/\/www.ves.pw.edu.pl\/index.php?rest_route=\/wp\/v2\/pages\/57","targetHints":{"allow":["GET"]}}],"collection":[{"href":"http:\/\/www.ves.pw.edu.pl\/index.php?rest_route=\/wp\/v2\/pages"}],"about":[{"href":"http:\/\/www.ves.pw.edu.pl\/index.php?rest_route=\/wp\/v2\/types\/page"}],"author":[{"embeddable":true,"href":"http:\/\/www.ves.pw.edu.pl\/index.php?rest_route=\/wp\/v2\/users\/1"}],"replies":[{"embeddable":true,"href":"http:\/\/www.ves.pw.edu.pl\/index.php?rest_route=%2Fwp%2Fv2%2Fcomments&post=57"}],"version-history":[{"count":1,"href":"http:\/\/www.ves.pw.edu.pl\/index.php?rest_route=\/wp\/v2\/pages\/57\/revisions"}],"predecessor-version":[{"id":58,"href":"http:\/\/www.ves.pw.edu.pl\/index.php?rest_route=\/wp\/v2\/pages\/57\/revisions\/58"}],"wp:attachment":[{"href":"http:\/\/www.ves.pw.edu.pl\/index.php?rest_route=%2Fwp%2Fv2%2Fmedia&parent=57"}],"curies":[{"name":"wp","href":"https:\/\/api.w.org\/{rel}","templated":true}]}}