{"id":37,"date":"2022-10-26T10:35:22","date_gmt":"2022-10-26T08:35:22","guid":{"rendered":"http:\/\/www.ves.pw.edu.pl\/?page_id=37"},"modified":"2022-10-26T10:35:22","modified_gmt":"2022-10-26T08:35:22","slug":"zespol","status":"publish","type":"page","link":"http:\/\/www.ves.pw.edu.pl\/?page_id=37","title":{"rendered":"Zesp\u00f3\u0142"},"content":{"rendered":"\n<figure class=\"wp-block-image size-large is-resized\"><img loading=\"lazy\" decoding=\"async\" src=\"http:\/\/www.ves.pw.edu.pl\/wp-content\/uploads\/2022\/10\/A-3276-683x1024.jpg\" alt=\"\" class=\"wp-image-38\" width=\"196\" height=\"294\" srcset=\"http:\/\/www.ves.pw.edu.pl\/wp-content\/uploads\/2022\/10\/A-3276-683x1024.jpg 683w, http:\/\/www.ves.pw.edu.pl\/wp-content\/uploads\/2022\/10\/A-3276-200x300.jpg 200w, http:\/\/www.ves.pw.edu.pl\/wp-content\/uploads\/2022\/10\/A-3276-768x1152.jpg 768w, http:\/\/www.ves.pw.edu.pl\/wp-content\/uploads\/2022\/10\/A-3276-1024x1536.jpg 1024w, http:\/\/www.ves.pw.edu.pl\/wp-content\/uploads\/2022\/10\/A-3276-1365x2048.jpg 1365w, http:\/\/www.ves.pw.edu.pl\/wp-content\/uploads\/2022\/10\/A-3276-scaled.jpg 1707w\" sizes=\"auto, (max-width: 196px) 100vw, 196px\" \/><figcaption>Dr in\u017c. Tadeusz Daszczy\u0144ski<\/figcaption><\/figure>\n\n\n\n<p>Adiunkt na Wydziale Elektrycznym w Instytucie Elektroenergetyki od 2016 r. Kierownik Laboratorium Aparat\u00f3w Elektrycznych i Proces\u00f3w \u0141\u0105czeniowych w Instytucie Elektroenergetyki Politechniki Warszawskiej.<\/p>\n\n\n\n<p>Koordynator i wsp\u00f3\u0142tw\u00f3rca mpiBIM od pierwszej edycji. Posiada uprawnienia budowlane do projektowania i kierowania robotami budowlanymi bez ogranicze\u0144 w specjalno\u015bci instalacyjnej w zakresie sieci, instalacji i urz\u0105dze\u0144 elektrycznych i elektroenergetycznych od 2015 r.<\/p>\n\n\n\n<p>Jeden z wyk\u0142adowc\u00f3w na studium podyplomowym z projektowania instalacji elektrycznych na Wydziale Elektrycznym Politechniki Warszawskiej oraz Mi\u0119dzywydzia\u0142owych studiach podyplomowych \u201eInterdyscyplinarny BIM\u201d na Politechnice Warszawskiej. Wsp\u00f3\u0142organizator I edycji obozu naukowego student\u00f3w Dych\u00f3w 2022.<\/p>\n\n\n\n<p>Autor i wsp\u00f3\u0142autor ponad 20 publikacji naukowych; bra\u0142 udzia\u0142 w ponad 12 pracach badawczo-rozwojowych w ramach komercjalizacji wynik\u00f3w bada\u0144 naukowych lub prac rozwojowych. Cz\u0142onek normalny Stowarzyszenia BIM dla Polskiego Budownictwa; wsp\u00f3\u0142tw\u00f3rca szkolenia BIMw5h. W pracy naukowej zajmuje si\u0119 tematyk\u0105 elektroenergetyki, aparatury rozdzielczej na niskich i \u015brednich napi\u0119ciach, diagnostyki transformator\u00f3w elektroenergetycznych metod\u0105 SFRA, technologi\u0105 VR i AR dla zastosowa\u0144 w elektroenergetyce.<\/p>\n\n\n\n<p><\/p>\n","protected":false},"excerpt":{"rendered":"<p>Adiunkt na Wydziale Elektrycznym w Instytucie Elektroenergetyki od 2016 r. Kierownik Laboratorium Aparat\u00f3w Elektrycznych i Proces\u00f3w \u0141\u0105czeniowych w Instytucie Elektroenergetyki Politechniki Warszawskiej. Koordynator i wsp\u00f3\u0142tw\u00f3rca mpiBIM od pierwszej edycji. Posiada uprawnienia budowlane do projektowania i kierowania robotami budowlanymi bez ogranicze\u0144 w specjalno\u015bci instalacyjnej w zakresie sieci, instalacji i urz\u0105dze\u0144 elektrycznych i elektroenergetycznych od 2015 r. [&hellip;]<\/p>\n","protected":false},"author":1,"featured_media":0,"parent":0,"menu_order":0,"comment_status":"closed","ping_status":"closed","template":"","meta":{"_monsterinsights_skip_tracking":false,"_monsterinsights_sitenote_active":false,"_monsterinsights_sitenote_note":"","_monsterinsights_sitenote_category":0,"footnotes":""},"class_list":["post-37","page","type-page","status-publish","hentry"],"_links":{"self":[{"href":"http:\/\/www.ves.pw.edu.pl\/index.php?rest_route=\/wp\/v2\/pages\/37","targetHints":{"allow":["GET"]}}],"collection":[{"href":"http:\/\/www.ves.pw.edu.pl\/index.php?rest_route=\/wp\/v2\/pages"}],"about":[{"href":"http:\/\/www.ves.pw.edu.pl\/index.php?rest_route=\/wp\/v2\/types\/page"}],"author":[{"embeddable":true,"href":"http:\/\/www.ves.pw.edu.pl\/index.php?rest_route=\/wp\/v2\/users\/1"}],"replies":[{"embeddable":true,"href":"http:\/\/www.ves.pw.edu.pl\/index.php?rest_route=%2Fwp%2Fv2%2Fcomments&post=37"}],"version-history":[{"count":2,"href":"http:\/\/www.ves.pw.edu.pl\/index.php?rest_route=\/wp\/v2\/pages\/37\/revisions"}],"predecessor-version":[{"id":45,"href":"http:\/\/www.ves.pw.edu.pl\/index.php?rest_route=\/wp\/v2\/pages\/37\/revisions\/45"}],"wp:attachment":[{"href":"http:\/\/www.ves.pw.edu.pl\/index.php?rest_route=%2Fwp%2Fv2%2Fmedia&parent=37"}],"curies":[{"name":"wp","href":"https:\/\/api.w.org\/{rel}","templated":true}]}}